{"id":183,"date":"2017-10-23T19:11:14","date_gmt":"2017-10-23T19:11:14","guid":{"rendered":"http:\/\/cardiologiasurdegranada.com\/?page_id=183"},"modified":"2024-03-06T16:02:36","modified_gmt":"2024-03-06T16:02:36","slug":"ergosport-pruebas-de-esfuerzo","status":"publish","type":"page","link":"http:\/\/cardiologiasurdegranada.com\/?page_id=183","title":{"rendered":"CENTRO ERGOSPORT GRANADA"},"content":{"rendered":"\n<p>En el Centro Ergosport situado en Churriana de la Vega el Dr. Pe\u00f1afiel realiza tanto consulta de Cardiolog\u00eda General como valoraci\u00f3n M\u00e9dico-deportiva del rendimiento y Cardiolog\u00eda deportiva. <\/p>\n\n\n\n<p>Atendemos a pacientes para Diagn\u00f3stico y seguimiento de enfermedades Cardiovasculares disponemos de electrocardiografia digital, ecocardiograma doppler color, holter de electrocardiograf\u00eda. <\/p>\n\n\n\n<p>Realizamos asimismo valoraci\u00f3n del Rendimiento M\u00e9dico-deportivo con equipos de prueba de esfuerzo tanto en cita como en bicicleta con analizador de gases e informe personalizado de zonas de entrenamiento y Rendimiento del Deportista<\/p>\n\n\n<div class=\"wp-block-image\">\n<figure class=\"alignright is-resized\"><img decoding=\"async\" loading=\"lazy\" src=\"http:\/\/cardiologiasurdegranada.com\/wp-content\/uploads\/2017\/10\/ERGO-300x300.jpeg\" alt=\"ergo\" class=\"wp-image-184\" width=\"189\" height=\"189\" srcset=\"http:\/\/cardiologiasurdegranada.com\/wp-content\/uploads\/2017\/10\/ERGO-300x300.jpeg 300w, http:\/\/cardiologiasurdegranada.com\/wp-content\/uploads\/2017\/10\/ERGO-150x150.jpeg 150w, http:\/\/cardiologiasurdegranada.com\/wp-content\/uploads\/2017\/10\/ERGO.jpeg 344w\" sizes=\"(max-width: 189px) 100vw, 189px\" \/><\/figure><\/div>\n\n\n<p><span class=\"section-info-text\"> <span class=\"LrzXr\">Av. Agustina de Arag\u00f3n, 2, 18194 Churriana de la Vega, Granada<\/span><\/span><\/p>\n\n\n\n<p><span class=\"section-info-text\">Tel\u00e9fono 958 41 30 65<\/span><\/p>\n\n\n\n<p>www.<span class=\"section-info-text\"><a class=\"widget-pane-link\" href=\"http:\/\/www.ergosport.es\/\" target=\"_blank\" rel=\"noopener\" data-attribution-url=\"http:\/\/www.ergosport.es\/\" data-redirect=\"1,AOvVaw2MJ4in0kJimgq6FJ_zAWxD,,0ahUKEwi0pMj7tofXAhVMnRQKHVz0DhUQ61gIDCgHMAA,,\">ergosport.es<\/a><\/span><\/p>\n\n\n\n<p><iframe loading=\"lazy\" style=\"border: 0;\" src=\"https:\/\/www.google.com\/maps\/embed?pb=!1m18!1m12!1m3!1d3177.417293341554!2d-3.6242521322885244!3d37.214067668076176!2m3!1f0!2f0!3f0!3m2!1i1024!2i768!4f13.1!3m3!1m2!1s0x0%3A0x985b3140ad341c93!2sErgoSport!5e0!3m2!1ses!2sus!4v1508785746940\" allowfullscreen=\"allowfullscreen\" width=\"600\" height=\"450\" frameborder=\"0\"><\/iframe><\/p>\n","protected":false},"excerpt":{"rendered":"<p>En el Centro Ergosport situado en Churriana de la Vega el Dr. Pe\u00f1afiel realiza tanto consulta de Cardiolog\u00eda General como valoraci\u00f3n M\u00e9dico-deportiva del rendimiento y Cardiolog\u00eda deportiva. Atendemos a pacientes<\/p>\n<p><a href=\"http:\/\/cardiologiasurdegranada.com\/?page_id=183\" class=\"more-link\">Continue Reading<span class=\"screen-reader-text\">CENTRO ERGOSPORT GRANADA<\/span><\/a><\/p>\n","protected":false},"author":1,"featured_media":0,"parent":284,"menu_order":0,"comment_status":"closed","ping_status":"closed","template":"","meta":[],"_links":{"self":[{"href":"http:\/\/cardiologiasurdegranada.com\/index.php?rest_route=\/wp\/v2\/pages\/183"}],"collection":[{"href":"http:\/\/cardiologiasurdegranada.com\/index.php?rest_route=\/wp\/v2\/pages"}],"about":[{"href":"http:\/\/cardiologiasurdegranada.com\/index.php?rest_route=\/wp\/v2\/types\/page"}],"author":[{"embeddable":true,"href":"http:\/\/cardiologiasurdegranada.com\/index.php?rest_route=\/wp\/v2\/users\/1"}],"replies":[{"embeddable":true,"href":"http:\/\/cardiologiasurdegranada.com\/index.php?rest_route=%2Fwp%2Fv2%2Fcomments&post=183"}],"version-history":[{"count":7,"href":"http:\/\/cardiologiasurdegranada.com\/index.php?rest_route=\/wp\/v2\/pages\/183\/revisions"}],"predecessor-version":[{"id":421,"href":"http:\/\/cardiologiasurdegranada.com\/index.php?rest_route=\/wp\/v2\/pages\/183\/revisions\/421"}],"up":[{"embeddable":true,"href":"http:\/\/cardiologiasurdegranada.com\/index.php?rest_route=\/wp\/v2\/pages\/284"}],"wp:attachment":[{"href":"http:\/\/cardiologiasurdegranada.com\/index.php?rest_route=%2Fwp%2Fv2%2Fmedia&parent=183"}],"curies":[{"name":"wp","href":"https:\/\/api.w.org\/{rel}","templated":true}]}}