{"id":50,"date":"2016-01-01T18:45:42","date_gmt":"2016-01-01T18:45:42","guid":{"rendered":"http:\/\/cardiologiasurdegranada.com\/?page_id=50"},"modified":"2024-03-21T15:57:21","modified_gmt":"2024-03-21T15:57:21","slug":"cardiologia-clinica","status":"publish","type":"page","link":"http:\/\/cardiologiasurdegranada.com\/","title":{"rendered":"ESPECIALISTAS EN CARDIOLOG\u00cdA, EXPERTOS EN PERSONAS"},"content":{"rendered":"\n<h4 class=\"wp-block-heading\">EL Dr. Rafael Pe\u00f1afiel Burkhardt es M\u00e9dico especialista en <em>Cardiolog\u00eda <\/em> con actividad privada en Centros de Granada y Jaen. Realizamos actividad asistencial con pacientes en la <em>Cl\u00ednica N\u00edeuwpoort de Almu\u00f1\u00e9car<\/em> y en la <em>Policl\u00ednica Cibeles de Alcal\u00e1 la Real<\/em>.<\/h4>\n\n\n\n<h4 class=\"wp-block-heading\">Estamos especializados en control del Riesgo Cardiovascular, diagn\u00f3stico cardiovascular no invasivo mediante electrocardiograf\u00eda y ecocardiograma doppler-color, holter de electrocardiograma y de tensi\u00f3n arterial.<\/h4>\n\n\n<div class=\"wp-block-image\">\n<figure class=\"aligncenter size-full is-resized\"><img decoding=\"async\" loading=\"lazy\" src=\"http:\/\/cardiologiasurdegranada.com\/wp-content\/uploads\/2024\/03\/prof_12165_20230424092944.png\" alt=\"\" class=\"wp-image-441\" width=\"381\" height=\"305\" srcset=\"http:\/\/cardiologiasurdegranada.com\/wp-content\/uploads\/2024\/03\/prof_12165_20230424092944.png 450w, http:\/\/cardiologiasurdegranada.com\/wp-content\/uploads\/2024\/03\/prof_12165_20230424092944-300x240.png 300w\" sizes=\"(max-width: 381px) 100vw, 381px\" \/><\/figure><\/div>\n\n\n<p class=\"has-text-align-center\"><iframe style=\"border: 0px; max-width: 400px; width: 100%; height: 150px; overflow: hidden;\" src=\"https:\/\/www.topdoctors.es\/ws\/show_widget\/2b1a9e41c7cb15669337c1a583af31f8\/1\" scrolling=\"no\"><\/iframe><\/p>\n\n\n\n<p class=\"has-text-align-left\">Adem\u00e1s <strong>Dr. Rafael Pe\u00f1afiel<\/strong> es M\u00e9dico Especialista en Medicina del Deporte con especializaci\u00f3n en Cardiolog\u00eda deportiva y Rendimiento. Realiza actividad asistencial en el <strong>Centro Ergosport<\/strong> situado la calle Agustina de Arag\u00f3n en Churriana de la Vega, cerca de Granada. En este centro estamos especializados sobre todo en valoraci\u00f3n del rendimiento deportivo con Servicios de Reconocimiento m\u00e9dico-deportivos a profesionales y amateur, consulta de Cardiolog\u00eda Deportiva y Pruebas de esfuerzo deportivas con an\u00e1lisis de gases. En el centro adem\u00e1s disponemos de Servicios en Biomec\u00e1nica del ciclismo y carrera, Nutrici\u00f3n Clinica, Fisioterapia y Entrenamiento Personal.<\/p>\n\n\n\n<figure class=\"wp-block-image size-large\"><img decoding=\"async\" loading=\"lazy\" width=\"1024\" height=\"785\" src=\"http:\/\/cardiologiasurdegranada.com\/wp-content\/uploads\/2024\/03\/55b66e4821b81d06b2b05481d4a50fad-1024x785.jpeg\" alt=\"\" class=\"wp-image-451\" srcset=\"http:\/\/cardiologiasurdegranada.com\/wp-content\/uploads\/2024\/03\/55b66e4821b81d06b2b05481d4a50fad-1024x785.jpeg 1024w, http:\/\/cardiologiasurdegranada.com\/wp-content\/uploads\/2024\/03\/55b66e4821b81d06b2b05481d4a50fad-300x230.jpeg 300w, http:\/\/cardiologiasurdegranada.com\/wp-content\/uploads\/2024\/03\/55b66e4821b81d06b2b05481d4a50fad-768x589.jpeg 768w, http:\/\/cardiologiasurdegranada.com\/wp-content\/uploads\/2024\/03\/55b66e4821b81d06b2b05481d4a50fad.jpeg 1131w\" sizes=\"(max-width: 1024px) 100vw, 1024px\" \/><\/figure>\n","protected":false},"excerpt":{"rendered":"<p>EL Dr. Rafael Pe\u00f1afiel Burkhardt es M\u00e9dico especialista en Cardiolog\u00eda con actividad privada en Centros de Granada y Jaen. Realizamos actividad asistencial con pacientes en la Cl\u00ednica N\u00edeuwpoort de Almu\u00f1\u00e9car<\/p>\n<p><a href=\"http:\/\/cardiologiasurdegranada.com\/\" class=\"more-link\">Continue Reading<span class=\"screen-reader-text\">ESPECIALISTAS EN CARDIOLOG\u00cdA, EXPERTOS EN PERSONAS<\/span><\/a><\/p>\n","protected":false},"author":1,"featured_media":0,"parent":0,"menu_order":0,"comment_status":"closed","ping_status":"closed","template":"","meta":[],"_links":{"self":[{"href":"http:\/\/cardiologiasurdegranada.com\/index.php?rest_route=\/wp\/v2\/pages\/50"}],"collection":[{"href":"http:\/\/cardiologiasurdegranada.com\/index.php?rest_route=\/wp\/v2\/pages"}],"about":[{"href":"http:\/\/cardiologiasurdegranada.com\/index.php?rest_route=\/wp\/v2\/types\/page"}],"author":[{"embeddable":true,"href":"http:\/\/cardiologiasurdegranada.com\/index.php?rest_route=\/wp\/v2\/users\/1"}],"replies":[{"embeddable":true,"href":"http:\/\/cardiologiasurdegranada.com\/index.php?rest_route=%2Fwp%2Fv2%2Fcomments&post=50"}],"version-history":[{"count":27,"href":"http:\/\/cardiologiasurdegranada.com\/index.php?rest_route=\/wp\/v2\/pages\/50\/revisions"}],"predecessor-version":[{"id":463,"href":"http:\/\/cardiologiasurdegranada.com\/index.php?rest_route=\/wp\/v2\/pages\/50\/revisions\/463"}],"wp:attachment":[{"href":"http:\/\/cardiologiasurdegranada.com\/index.php?rest_route=%2Fwp%2Fv2%2Fmedia&parent=50"}],"curies":[{"name":"wp","href":"https:\/\/api.w.org\/{rel}","templated":true}]}}